{"id":1734,"date":"2025-06-23T17:17:52","date_gmt":"2025-06-23T17:17:52","guid":{"rendered":"https:\/\/adominguez.studio\/?page_id=1734"},"modified":"2026-04-05T23:36:33","modified_gmt":"2026-04-05T23:36:33","slug":"a-propos","status":"publish","type":"page","link":"https:\/\/adominguez.studio\/es\/a-propos\/","title":{"rendered":"\u00bfQui\u00e9n soy?"},"content":{"rendered":"<div data-elementor-type=\"wp-page\" data-elementor-id=\"1734\" class=\"elementor elementor-1734\">\n\t\t\t\t<div class=\"elementor-element elementor-element-2b6c62b e-flex e-con-boxed e-con e-parent\" data-id=\"2b6c62b\" data-element_type=\"container\" data-e-type=\"container\" data-settings=\"{&quot;background_background&quot;:&quot;classic&quot;}\">\n\t\t\t\t\t<div class=\"e-con-inner\">\n\t\t\t\t<div class=\"elementor-element elementor-element-f7dfc8d elementor-widget elementor-widget-spacer\" data-id=\"f7dfc8d\" data-element_type=\"widget\" data-e-type=\"widget\" data-widget_type=\"spacer.default\">\n\t\t\t\t<div class=\"elementor-widget-container\">\n\t\t\t\t\t\t\t<div class=\"elementor-spacer\">\n\t\t\t<div class=\"elementor-spacer-inner\"><\/div>\n\t\t<\/div>\n\t\t\t\t\t\t<\/div>\n\t\t\t\t<\/div>\n\t\t\t\t\t<\/div>\n\t\t\t\t<\/div>\n\t\t<div class=\"elementor-element elementor-element-4cbd811 e-con-full e-flex e-con e-parent\" data-id=\"4cbd811\" data-element_type=\"container\" data-e-type=\"container\" data-settings=\"{&quot;background_background&quot;:&quot;classic&quot;}\">\n\t\t<div class=\"elementor-element elementor-element-9bd5f2e e-con-full e-flex e-con e-child\" data-id=\"9bd5f2e\" data-element_type=\"container\" data-e-type=\"container\">\n\t\t\t\t<div class=\"elementor-element elementor-element-4621d17 elementor-invisible elementor-widget elementor-widget-heading\" data-id=\"4621d17\" data-element_type=\"widget\" data-e-type=\"widget\" data-settings=\"{&quot;_animation&quot;:&quot;fadeInRight&quot;}\" data-widget_type=\"heading.default\">\n\t\t\t\t<div class=\"elementor-widget-container\">\n\t\t\t\t\t<h2 class=\"elementor-heading-title elementor-size-default\">\u00bfQui\u00e9n soy?<\/h2>\t\t\t\t<\/div>\n\t\t\t\t<\/div>\n\t\t\t\t<\/div>\n\t\t<div class=\"elementor-element elementor-element-a736be7 e-con-full e-flex e-con e-child\" data-id=\"a736be7\" data-element_type=\"container\" data-e-type=\"container\">\n\t\t<div class=\"elementor-element elementor-element-cdacae9 e-con-full e-flex e-con e-child\" data-id=\"cdacae9\" data-element_type=\"container\" data-e-type=\"container\">\n\t\t\t\t<div class=\"elementor-element elementor-element-c3b060b elementor-widget__width-initial elementor-invisible elementor-widget elementor-widget-image\" data-id=\"c3b060b\" data-element_type=\"widget\" data-e-type=\"widget\" data-settings=\"{&quot;_animation&quot;:&quot;zoomIn&quot;}\" data-widget_type=\"image.default\">\n\t\t\t\t<div class=\"elementor-widget-container\">\n\t\t\t\t\t\t\t\t\t\t\t\t\t\t\t<img fetchpriority=\"high\" decoding=\"async\" width=\"864\" height=\"1184\" src=\"https:\/\/adominguez.studio\/wp-content\/uploads\/2026\/04\/Foto-perfil-cuenta-05.png\" class=\"attachment-2048x2048 size-2048x2048 wp-image-2483\" alt=\"\" srcset=\"https:\/\/adominguez.studio\/wp-content\/uploads\/2026\/04\/Foto-perfil-cuenta-05.png 864w, https:\/\/adominguez.studio\/wp-content\/uploads\/2026\/04\/Foto-perfil-cuenta-05-219x300.png 219w, https:\/\/adominguez.studio\/wp-content\/uploads\/2026\/04\/Foto-perfil-cuenta-05-747x1024.png 747w, https:\/\/adominguez.studio\/wp-content\/uploads\/2026\/04\/Foto-perfil-cuenta-05-768x1052.png 768w, https:\/\/adominguez.studio\/wp-content\/uploads\/2026\/04\/Foto-perfil-cuenta-05-9x12.png 9w\" sizes=\"(max-width: 864px) 100vw, 864px\" \/>\t\t\t\t\t\t\t\t\t\t\t\t\t\t\t<\/div>\n\t\t\t\t<\/div>\n\t\t\t\t<\/div>\n\t\t<div class=\"elementor-element elementor-element-441f7ce e-con-full e-flex e-con e-child\" data-id=\"441f7ce\" data-element_type=\"container\" data-e-type=\"container\">\n\t\t\t\t<div class=\"elementor-element elementor-element-964241e elementor-widget elementor-widget-spacer\" data-id=\"964241e\" data-element_type=\"widget\" data-e-type=\"widget\" data-widget_type=\"spacer.default\">\n\t\t\t\t<div class=\"elementor-widget-container\">\n\t\t\t\t\t\t\t<div class=\"elementor-spacer\">\n\t\t\t<div class=\"elementor-spacer-inner\"><\/div>\n\t\t<\/div>\n\t\t\t\t\t\t<\/div>\n\t\t\t\t<\/div>\n\t\t\t\t<div class=\"elementor-element elementor-element-8cbdb2e elementor-widget__width-inherit elementor-invisible elementor-widget elementor-widget-text-editor\" data-id=\"8cbdb2e\" data-element_type=\"widget\" data-e-type=\"widget\" data-settings=\"{&quot;_animation&quot;:&quot;zoomIn&quot;}\" data-widget_type=\"text-editor.default\">\n\t\t\t\t<div class=\"elementor-widget-container\">\n\t\t\t\t\t\t\t\t\t<p data-start=\"771\" data-end=\"886\">Mi nombre es Arturo Dom\u00ednguez Mart\u00ednez, dise\u00f1ador gr\u00e1fico originario de M\u00e9xico y actualmente radicado en Quebec, Canad\u00e1.<\/p><p data-start=\"893\" data-end=\"1118\">\u00a0<\/p><p data-start=\"893\" data-end=\"1118\">Mi formaci\u00f3n en dise\u00f1o gr\u00e1fico me ha permitido dominar las principales herramientas de Adobe: Photoshop, Illustrator, InDesign y After Effects, as\u00ed como la inteligencia artificial, que hoy integro en mis procesos para transformar ideas en soluciones visuales impactantes y funcionales.<\/p><p data-start=\"1125\" data-end=\"1399\">\u00a0<\/p><p data-start=\"1125\" data-end=\"1399\">\u00bfMi motor creativo? Dar vida a las ideas y traducirlas en creaciones que equilibran est\u00e9tica y estrategia. Aspiro a integrar placer visual y eficiencia en cada uno de mis proyectos, encontrando siempre el equilibrio entre la claridad de los objetivos y la expresi\u00f3n creativa. Este enfoque me permite proponer resultados s\u00f3lidos, coherentes y memorables.<\/p>\t\t\t\t\t\t\t\t<\/div>\n\t\t\t\t<\/div>\n\t\t\t\t<\/div>\n\t\t\t\t<\/div>\n\t\t\t\t<\/div>\n\t\t<div class=\"elementor-element elementor-element-f80673d e-con-full e-flex e-con e-parent\" data-id=\"f80673d\" data-element_type=\"container\" data-e-type=\"container\" data-settings=\"{&quot;background_background&quot;:&quot;classic&quot;}\">\n\t\t<div class=\"elementor-element elementor-element-9f38130 e-flex e-con-boxed e-con e-child\" data-id=\"9f38130\" data-element_type=\"container\" data-e-type=\"container\">\n\t\t\t\t\t<div class=\"e-con-inner\">\n\t\t\t\t<div class=\"elementor-element elementor-element-c8204a8 elementor-widget elementor-widget-spacer\" data-id=\"c8204a8\" data-element_type=\"widget\" data-e-type=\"widget\" data-widget_type=\"spacer.default\">\n\t\t\t\t<div class=\"elementor-widget-container\">\n\t\t\t\t\t\t\t<div class=\"elementor-spacer\">\n\t\t\t<div class=\"elementor-spacer-inner\"><\/div>\n\t\t<\/div>\n\t\t\t\t\t\t<\/div>\n\t\t\t\t<\/div>\n\t\t\t\t\t<\/div>\n\t\t\t\t<\/div>\n\t\t\t\t<\/div>\n\t\t\t\t<\/div>","protected":false},"excerpt":{"rendered":"<p>\u00c0 propos de moi Je m&rsquo;appelle Arturo Dom\u00ednguez Mart\u00ednez, designer graphique originaire du Mexique et install\u00e9 \u00e0 Qu\u00e9bec, au Canada. \u00a0 Form\u00e9 en design graphique, je ma\u00eetrise les principaux outils Adobe: Photoshop, Illustrator, InDesign et After Effects, ainsi que l\u2019intelligence artificielle, que j\u2019int\u00e8gre aujourd\u2019hui comme un moteur de cr\u00e9ation innovant. \u00a0 Mon moteur cr\u00e9atif ? [&hellip;]<\/p>","protected":false},"author":1,"featured_media":0,"parent":0,"menu_order":0,"comment_status":"closed","ping_status":"closed","template":"elementor_canvas","meta":{"footnotes":""},"class_list":["post-1734","page","type-page","status-publish","hentry"],"_links":{"self":[{"href":"https:\/\/adominguez.studio\/es\/wp-json\/wp\/v2\/pages\/1734","targetHints":{"allow":["GET"]}}],"collection":[{"href":"https:\/\/adominguez.studio\/es\/wp-json\/wp\/v2\/pages"}],"about":[{"href":"https:\/\/adominguez.studio\/es\/wp-json\/wp\/v2\/types\/page"}],"author":[{"embeddable":true,"href":"https:\/\/adominguez.studio\/es\/wp-json\/wp\/v2\/users\/1"}],"replies":[{"embeddable":true,"href":"https:\/\/adominguez.studio\/es\/wp-json\/wp\/v2\/comments?post=1734"}],"version-history":[{"count":27,"href":"https:\/\/adominguez.studio\/es\/wp-json\/wp\/v2\/pages\/1734\/revisions"}],"predecessor-version":[{"id":2487,"href":"https:\/\/adominguez.studio\/es\/wp-json\/wp\/v2\/pages\/1734\/revisions\/2487"}],"wp:attachment":[{"href":"https:\/\/adominguez.studio\/es\/wp-json\/wp\/v2\/media?parent=1734"}],"curies":[{"name":"wp","href":"https:\/\/api.w.org\/{rel}","templated":true}]}}