{"id":485,"date":"2025-05-20T08:12:51","date_gmt":"2025-05-20T08:12:51","guid":{"rendered":"https:\/\/adominguez.studio\/?page_id=485"},"modified":"2025-07-07T00:40:27","modified_gmt":"2025-07-07T00:40:27","slug":"chaussures-godin","status":"publish","type":"page","link":"https:\/\/adominguez.studio\/es\/chaussures-godin\/","title":{"rendered":"Chaussures GODIN"},"content":{"rendered":"<div data-elementor-type=\"wp-page\" data-elementor-id=\"485\" class=\"elementor elementor-485\">\n\t\t\t\t<div class=\"elementor-element elementor-element-8605d78 e-con-full e-flex e-con e-parent\" data-id=\"8605d78\" data-element_type=\"container\" data-e-type=\"container\">\n\t\t\t\t<div class=\"elementor-element elementor-element-f70207b animated-slow hover-zoom elementor-widget elementor-widget-image\" data-id=\"f70207b\" data-element_type=\"widget\" data-e-type=\"widget\" data-settings=\"{&quot;_animation&quot;:&quot;none&quot;}\" data-widget_type=\"image.default\">\n\t\t\t\t<div class=\"elementor-widget-container\">\n\t\t\t\t\t\t\t\t\t\t\t\t\t\t\t<img fetchpriority=\"high\" decoding=\"async\" width=\"2560\" height=\"1456\" src=\"https:\/\/adominguez.studio\/wp-content\/uploads\/2025\/05\/Chaussure-GODIN-02-scaled.jpg\" class=\"attachment-full size-full wp-image-487\" alt=\"\" srcset=\"https:\/\/adominguez.studio\/wp-content\/uploads\/2025\/05\/Chaussure-GODIN-02-scaled.jpg 2560w, https:\/\/adominguez.studio\/wp-content\/uploads\/2025\/05\/Chaussure-GODIN-02-300x171.jpg 300w, https:\/\/adominguez.studio\/wp-content\/uploads\/2025\/05\/Chaussure-GODIN-02-1024x582.jpg 1024w, https:\/\/adominguez.studio\/wp-content\/uploads\/2025\/05\/Chaussure-GODIN-02-768x437.jpg 768w, https:\/\/adominguez.studio\/wp-content\/uploads\/2025\/05\/Chaussure-GODIN-02-1536x873.jpg 1536w, https:\/\/adominguez.studio\/wp-content\/uploads\/2025\/05\/Chaussure-GODIN-02-2048x1165.jpg 2048w\" sizes=\"(max-width: 2560px) 100vw, 2560px\" \/>\t\t\t\t\t\t\t\t\t\t\t\t\t\t\t<\/div>\n\t\t\t\t<\/div>\n\t\t\t\t<\/div>\n\t\t<div class=\"elementor-element elementor-element-2b6c62b e-flex e-con-boxed e-con e-parent\" data-id=\"2b6c62b\" data-element_type=\"container\" data-e-type=\"container\" data-settings=\"{&quot;background_background&quot;:&quot;classic&quot;}\">\n\t\t\t\t\t<div class=\"e-con-inner\">\n\t\t\t\t<div class=\"elementor-element elementor-element-f7dfc8d elementor-widget elementor-widget-spacer\" data-id=\"f7dfc8d\" data-element_type=\"widget\" data-e-type=\"widget\" data-widget_type=\"spacer.default\">\n\t\t\t\t<div class=\"elementor-widget-container\">\n\t\t\t\t\t\t\t<div class=\"elementor-spacer\">\n\t\t\t<div class=\"elementor-spacer-inner\"><\/div>\n\t\t<\/div>\n\t\t\t\t\t\t<\/div>\n\t\t\t\t<\/div>\n\t\t\t\t\t<\/div>\n\t\t\t\t<\/div>\n\t\t<div class=\"elementor-element elementor-element-4cbd811 e-con-full e-flex e-con e-parent\" data-id=\"4cbd811\" data-element_type=\"container\" data-e-type=\"container\" data-settings=\"{&quot;background_background&quot;:&quot;classic&quot;}\">\n\t\t<div class=\"elementor-element elementor-element-9bd5f2e e-con-full e-flex e-con e-child\" data-id=\"9bd5f2e\" data-element_type=\"container\" data-e-type=\"container\">\n\t\t\t\t<div class=\"elementor-element elementor-element-c85d129 elementor-invisible elementor-widget elementor-widget-heading\" data-id=\"c85d129\" data-element_type=\"widget\" data-e-type=\"widget\" data-settings=\"{&quot;_animation&quot;:&quot;fadeInLeft&quot;}\" data-widget_type=\"heading.default\">\n\t\t\t\t<div class=\"elementor-widget-container\">\n\t\t\t\t\t<h2 class=\"elementor-heading-title elementor-size-default\">Publicidad TV<\/h2>\t\t\t\t<\/div>\n\t\t\t\t<\/div>\n\t\t\t\t<div class=\"elementor-element elementor-element-4621d17 elementor-invisible elementor-widget elementor-widget-heading\" data-id=\"4621d17\" data-element_type=\"widget\" data-e-type=\"widget\" data-settings=\"{&quot;_animation&quot;:&quot;fadeInRight&quot;}\" data-widget_type=\"heading.default\">\n\t\t\t\t<div class=\"elementor-widget-container\">\n\t\t\t\t\t<h2 class=\"elementor-heading-title elementor-size-default\">Chaussures GODIN<\/h2>\t\t\t\t<\/div>\n\t\t\t\t<\/div>\n\t\t\t\t<\/div>\n\t\t<div class=\"elementor-element elementor-element-a736be7 e-con-full e-flex e-con e-child\" data-id=\"a736be7\" data-element_type=\"container\" data-e-type=\"container\">\n\t\t<div class=\"elementor-element elementor-element-cdacae9 e-con-full e-flex e-con e-child\" data-id=\"cdacae9\" data-element_type=\"container\" data-e-type=\"container\">\n\t\t\t\t<div class=\"elementor-element elementor-element-71985c2 elementor-widget elementor-widget-spacer\" data-id=\"71985c2\" data-element_type=\"widget\" data-e-type=\"widget\" data-widget_type=\"spacer.default\">\n\t\t\t\t<div class=\"elementor-widget-container\">\n\t\t\t\t\t\t\t<div class=\"elementor-spacer\">\n\t\t\t<div class=\"elementor-spacer-inner\"><\/div>\n\t\t<\/div>\n\t\t\t\t\t\t<\/div>\n\t\t\t\t<\/div>\n\t\t\t\t<div class=\"elementor-element elementor-element-7dafa68 elementor-widget elementor-widget-heading\" data-id=\"7dafa68\" data-element_type=\"widget\" data-e-type=\"widget\" data-widget_type=\"heading.default\">\n\t\t\t\t<div class=\"elementor-widget-container\">\n\t\t\t\t\t<h2 class=\"elementor-heading-title elementor-size-default\">Mandato<\/h2>\t\t\t\t<\/div>\n\t\t\t\t<\/div>\n\t\t\t\t<div class=\"elementor-element elementor-element-0bf098c elementor-widget__width-inherit elementor-invisible elementor-widget elementor-widget-text-editor\" data-id=\"0bf098c\" data-element_type=\"widget\" data-e-type=\"widget\" data-settings=\"{&quot;_animation&quot;:&quot;zoomIn&quot;}\" data-widget_type=\"text-editor.default\">\n\t\t\t\t<div class=\"elementor-widget-container\">\n\t\t\t\t\t\t\t\t\tDesarrollar una c\u00e1psula publicitaria televisiva para la marca ficticia Chaussure GODIN, destinada a ser transmitida durante horarios de alta audiencia. El encargo incluy\u00f3 la animaci\u00f3n de un storyboard proporcionado por el cliente, as\u00ed como la selecci\u00f3n de m\u00fasica, locuci\u00f3n, dise\u00f1o gr\u00e1fico y direcci\u00f3n visual completa.\t\t\t\t\t\t\t\t<\/div>\n\t\t\t\t<\/div>\n\t\t\t\t<\/div>\n\t\t<div class=\"elementor-element elementor-element-48f4d51 e-con-full e-flex e-con e-child\" data-id=\"48f4d51\" data-element_type=\"container\" data-e-type=\"container\">\n\t\t\t\t<div class=\"elementor-element elementor-element-0d9c3e9 elementor-widget elementor-widget-html\" data-id=\"0d9c3e9\" data-element_type=\"widget\" data-e-type=\"widget\" data-widget_type=\"html.default\">\n\t\t\t\t<div class=\"elementor-widget-container\">\n\t\t\t\t\t<div style=\"width: 1px; height: 400px; background-color: #FFFBDE; margin: auto;\"><\/div>\r\n\t\t\t\t<\/div>\n\t\t\t\t<\/div>\n\t\t\t\t<\/div>\n\t\t<div class=\"elementor-element elementor-element-441f7ce e-con-full e-flex e-con e-child\" data-id=\"441f7ce\" data-element_type=\"container\" data-e-type=\"container\">\n\t\t\t\t<div class=\"elementor-element elementor-element-964241e elementor-widget elementor-widget-spacer\" data-id=\"964241e\" data-element_type=\"widget\" data-e-type=\"widget\" data-widget_type=\"spacer.default\">\n\t\t\t\t<div class=\"elementor-widget-container\">\n\t\t\t\t\t\t\t<div class=\"elementor-spacer\">\n\t\t\t<div class=\"elementor-spacer-inner\"><\/div>\n\t\t<\/div>\n\t\t\t\t\t\t<\/div>\n\t\t\t\t<\/div>\n\t\t\t\t<div class=\"elementor-element elementor-element-afdf8ce elementor-widget elementor-widget-heading\" data-id=\"afdf8ce\" data-element_type=\"widget\" data-e-type=\"widget\" data-widget_type=\"heading.default\">\n\t\t\t\t<div class=\"elementor-widget-container\">\n\t\t\t\t\t<h2 class=\"elementor-heading-title elementor-size-default\">Estrategia de dise\u00f1o<\/h2>\t\t\t\t<\/div>\n\t\t\t\t<\/div>\n\t\t\t\t<div class=\"elementor-element elementor-element-8cbdb2e elementor-widget__width-inherit elementor-invisible elementor-widget elementor-widget-text-editor\" data-id=\"8cbdb2e\" data-element_type=\"widget\" data-e-type=\"widget\" data-settings=\"{&quot;_animation&quot;:&quot;zoomIn&quot;}\" data-widget_type=\"text-editor.default\">\n\t\t\t\t<div class=\"elementor-widget-container\">\n\t\t\t\t\t\t\t\t\t<p>Se privilegi\u00f3 un dise\u00f1o gr\u00e1fico limpio, directo y c\u00e1lido que refleja los valores de la marca. La paleta crom\u00e1tica en tonos tierra y naranja resalta la energ\u00eda de la promoci\u00f3n, mientras que las animaciones suaves y los textos din\u00e1micos aseguran una lectura clara y eficaz en un contexto televisivo. La voz en off y la m\u00fasica fueron seleccionadas para reforzar la cercan\u00eda y el ritmo del mensaje.<\/p>\t\t\t\t\t\t\t\t<\/div>\n\t\t\t\t<\/div>\n\t\t\t\t<\/div>\n\t\t\t\t<\/div>\n\t\t\t\t<\/div>\n\t\t<div class=\"elementor-element elementor-element-802d51b e-con-full e-flex e-con e-parent\" data-id=\"802d51b\" data-element_type=\"container\" data-e-type=\"container\" data-settings=\"{&quot;background_background&quot;:&quot;classic&quot;}\">\n\t\t\t\t<div class=\"elementor-element elementor-element-9bf4fd0 elementor-widget__width-initial elementor-invisible elementor-widget elementor-widget-image\" data-id=\"9bf4fd0\" data-element_type=\"widget\" data-e-type=\"widget\" data-settings=\"{&quot;_animation&quot;:&quot;zoomIn&quot;}\" data-widget_type=\"image.default\">\n\t\t\t\t<div class=\"elementor-widget-container\">\n\t\t\t\t\t\t\t\t\t\t\t\t\t\t\t<img decoding=\"async\" width=\"1921\" height=\"1081\" src=\"https:\/\/adominguez.studio\/wp-content\/uploads\/2025\/05\/Chaussure-GODIN-03.png\" class=\"attachment-full size-full wp-image-489\" alt=\"\" srcset=\"https:\/\/adominguez.studio\/wp-content\/uploads\/2025\/05\/Chaussure-GODIN-03.png 1921w, https:\/\/adominguez.studio\/wp-content\/uploads\/2025\/05\/Chaussure-GODIN-03-300x169.png 300w, https:\/\/adominguez.studio\/wp-content\/uploads\/2025\/05\/Chaussure-GODIN-03-1024x576.png 1024w, https:\/\/adominguez.studio\/wp-content\/uploads\/2025\/05\/Chaussure-GODIN-03-768x432.png 768w, https:\/\/adominguez.studio\/wp-content\/uploads\/2025\/05\/Chaussure-GODIN-03-1536x864.png 1536w\" sizes=\"(max-width: 1921px) 100vw, 1921px\" \/>\t\t\t\t\t\t\t\t\t\t\t\t\t\t\t<\/div>\n\t\t\t\t<\/div>\n\t\t\t\t<div class=\"elementor-element elementor-element-aa0e112 elementor-widget elementor-widget-spacer\" data-id=\"aa0e112\" data-element_type=\"widget\" data-e-type=\"widget\" data-widget_type=\"spacer.default\">\n\t\t\t\t<div class=\"elementor-widget-container\">\n\t\t\t\t\t\t\t<div class=\"elementor-spacer\">\n\t\t\t<div class=\"elementor-spacer-inner\"><\/div>\n\t\t<\/div>\n\t\t\t\t\t\t<\/div>\n\t\t\t\t<\/div>\n\t\t<div class=\"elementor-element elementor-element-a533af3 e-con-full e-flex e-con e-child\" data-id=\"a533af3\" data-element_type=\"container\" data-e-type=\"container\">\n\t\t\t\t<div class=\"elementor-element elementor-element-50efb20 elementor-widget elementor-widget-spacer\" data-id=\"50efb20\" data-element_type=\"widget\" data-e-type=\"widget\" data-widget_type=\"spacer.default\">\n\t\t\t\t<div class=\"elementor-widget-container\">\n\t\t\t\t\t\t\t<div class=\"elementor-spacer\">\n\t\t\t<div class=\"elementor-spacer-inner\"><\/div>\n\t\t<\/div>\n\t\t\t\t\t\t<\/div>\n\t\t\t\t<\/div>\n\t\t\t\t<div class=\"elementor-element elementor-element-997b194 elementor-widget elementor-widget-heading\" data-id=\"997b194\" data-element_type=\"widget\" data-e-type=\"widget\" data-widget_type=\"heading.default\">\n\t\t\t\t<div class=\"elementor-widget-container\">\n\t\t\t\t\t<h2 class=\"elementor-heading-title elementor-size-default\">Impacto Visual<\/h2>\t\t\t\t<\/div>\n\t\t\t\t<\/div>\n\t\t\t\t<div class=\"elementor-element elementor-element-b53bc51 elementor-widget__width-inherit elementor-invisible elementor-widget elementor-widget-text-editor\" data-id=\"b53bc51\" data-element_type=\"widget\" data-e-type=\"widget\" data-settings=\"{&quot;_animation&quot;:&quot;zoomIn&quot;}\" data-widget_type=\"text-editor.default\">\n\t\t\t\t<div class=\"elementor-widget-container\">\n\t\t\t\t\t\t\t\t\t<p>La pieza final transmite un mensaje comercial claro con un lenguaje visual moderno y una ejecuci\u00f3n profesional. Pensada para captar la atenci\u00f3n r\u00e1pidamente, la animaci\u00f3n logra equilibrar promoci\u00f3n y est\u00e9tica, reforzando la identidad de la marca y generando un llamado a la acci\u00f3n eficaz para audiencias amplias.<\/p>\t\t\t\t\t\t\t\t<\/div>\n\t\t\t\t<\/div>\n\t\t\t\t<\/div>\n\t\t\t\t<\/div>\n\t\t<div class=\"elementor-element elementor-element-30c5d8c e-flex e-con-boxed e-con e-parent\" data-id=\"30c5d8c\" data-element_type=\"container\" data-e-type=\"container\" data-settings=\"{&quot;background_background&quot;:&quot;classic&quot;}\">\n\t\t\t\t\t<div class=\"e-con-inner\">\n\t\t\t\t<div class=\"elementor-element elementor-element-70e3683 elementor-widget elementor-widget-spacer\" data-id=\"70e3683\" data-element_type=\"widget\" data-e-type=\"widget\" data-widget_type=\"spacer.default\">\n\t\t\t\t<div class=\"elementor-widget-container\">\n\t\t\t\t\t\t\t<div class=\"elementor-spacer\">\n\t\t\t<div class=\"elementor-spacer-inner\"><\/div>\n\t\t<\/div>\n\t\t\t\t\t\t<\/div>\n\t\t\t\t<\/div>\n\t\t\t\t\t<\/div>\n\t\t\t\t<\/div>\n\t\t<div class=\"elementor-element elementor-element-03dcfda e-flex e-con-boxed e-con e-parent\" data-id=\"03dcfda\" data-element_type=\"container\" data-e-type=\"container\" data-settings=\"{&quot;background_background&quot;:&quot;classic&quot;}\">\n\t\t\t\t\t<div class=\"e-con-inner\">\n\t\t\t\t<div class=\"elementor-element elementor-element-db2fb46 elementor-invisible elementor-widget elementor-widget-video\" data-id=\"db2fb46\" data-element_type=\"widget\" data-e-type=\"widget\" data-settings=\"{&quot;video_type&quot;:&quot;hosted&quot;,&quot;_animation&quot;:&quot;fadeIn&quot;,&quot;controls&quot;:&quot;yes&quot;}\" data-widget_type=\"video.default\">\n\t\t\t\t<div class=\"elementor-widget-container\">\n\t\t\t\t\t\t\t<div class=\"e-hosted-video elementor-wrapper elementor-open-inline\">\n\t\t\t\t\t<video class=\"elementor-video\" src=\"https:\/\/adominguez.studio\/wp-content\/uploads\/2025\/05\/Chaussures-GODIN.mp4\" controls=\"\" preload=\"metadata\" controlslist=\"nodownload\"><\/video>\n\t\t\t\t<\/div>\n\t\t\t\t\t\t<\/div>\n\t\t\t\t<\/div>\n\t\t\t\t\t<\/div>\n\t\t\t\t<\/div>\n\t\t<div class=\"elementor-element elementor-element-6a7e285 e-flex e-con-boxed e-con e-parent\" data-id=\"6a7e285\" data-element_type=\"container\" data-e-type=\"container\" data-settings=\"{&quot;background_background&quot;:&quot;classic&quot;}\">\n\t\t\t\t\t<div class=\"e-con-inner\">\n\t\t\t\t<div class=\"elementor-element elementor-element-beda743 elementor-widget elementor-widget-spacer\" data-id=\"beda743\" data-element_type=\"widget\" data-e-type=\"widget\" data-widget_type=\"spacer.default\">\n\t\t\t\t<div class=\"elementor-widget-container\">\n\t\t\t\t\t\t\t<div class=\"elementor-spacer\">\n\t\t\t<div class=\"elementor-spacer-inner\"><\/div>\n\t\t<\/div>\n\t\t\t\t\t\t<\/div>\n\t\t\t\t<\/div>\n\t\t\t\t\t<\/div>\n\t\t\t\t<\/div>\n\t\t<div class=\"elementor-element elementor-element-f430369 e-flex e-con-boxed e-con e-parent\" data-id=\"f430369\" data-element_type=\"container\" data-e-type=\"container\" data-settings=\"{&quot;background_background&quot;:&quot;classic&quot;}\">\n\t\t\t\t\t<div class=\"e-con-inner\">\n\t\t<div class=\"elementor-element elementor-element-fcdca3f e-con-full e-flex e-con e-child\" data-id=\"fcdca3f\" data-element_type=\"container\" data-e-type=\"container\">\n\t\t\t\t<div class=\"elementor-element elementor-element-911cdba elementor-widget__width-initial elementor-widget-mobile__width-inherit elementor-widget elementor-widget-elementskit-image-box\" data-id=\"911cdba\" data-element_type=\"widget\" data-e-type=\"widget\" data-widget_type=\"elementskit-image-box.default\">\n\t\t\t\t<div class=\"elementor-widget-container\">\n\t\t\t\t\t<div class=\"ekit-wid-con\" >\n            <div class=\"elementskit-info-image-box ekit-image-box text-center floating-style\" >\n\n                <a href=\"https:\/\/adominguez.studio\/es\/nike\/\">\n                <div class=\"elementskit-box-header image-box-img-center\">\n\n                    <img decoding=\"async\" width=\"848\" height=\"637\" src=\"https:\/\/adominguez.studio\/wp-content\/uploads\/2025\/05\/Nike.png\" class=\"attachment-full size-full wp-image-473\" alt=\"\" srcset=\"https:\/\/adominguez.studio\/wp-content\/uploads\/2025\/05\/Nike.png 848w, https:\/\/adominguez.studio\/wp-content\/uploads\/2025\/05\/Nike-300x225.png 300w, https:\/\/adominguez.studio\/wp-content\/uploads\/2025\/05\/Nike-768x577.png 768w\" sizes=\"(max-width: 848px) 100vw, 848px\" \/>\n                <\/div>\n                <\/a>\n                <div class=\"elementskit-box-body ekit-image-box-body\">\n                    <div class=\"elementskit-box-content ekit-image-box-body-inner\">\n                                                <div class=\"elementskit-info-box-title\">\n\n                        P\u00f3ster publicitario\n                        \n                    <\/div>\n                                                            <div class=\"elementskit-box-style-content\">\n                        Una explosi\u00f3n visual de velocidad. Dise\u00f1o pensado para destacar en espacios urbanos y comerciales con una est\u00e9tica joven, moderna y contundente.                    <\/div>\n                                    <\/div>\n\n                                <div class=\"elementskit-box-footer\">\n                    <div class=\"box-footer\">\n                        <div class=\"btn-wraper\">\n                                                            <a href=\"https:\/\/adominguez.studio\/es\/nike\/\" class=\"elementskit-btn whitespace--normal\">\n                                    Descubrir el proyecto                                <\/a>\n                                                    <\/div>\n                    <\/div>\n                <\/div>\n                            <\/div>\n            <\/div>\n    <\/div>\t\t\t\t<\/div>\n\t\t\t\t<\/div>\n\t\t\t\t<div class=\"elementor-element elementor-element-5fc6d49 elementor-widget__width-initial elementor-widget-mobile__width-inherit elementor-widget elementor-widget-elementskit-image-box\" data-id=\"5fc6d49\" data-element_type=\"widget\" data-e-type=\"widget\" data-widget_type=\"elementskit-image-box.default\">\n\t\t\t\t<div class=\"elementor-widget-container\">\n\t\t\t\t\t<div class=\"ekit-wid-con\" >\n            <div class=\"elementskit-info-image-box ekit-image-box text-center floating-style\" >\n\n                <a href=\"https:\/\/adominguez.studio\/es\/saq\/\">\n                <div class=\"elementskit-box-header image-box-img-center\">\n\n                    <img loading=\"lazy\" decoding=\"async\" width=\"848\" height=\"637\" src=\"https:\/\/adominguez.studio\/wp-content\/uploads\/2025\/05\/SAQ_Couverture.png\" class=\"attachment-full size-full wp-image-468\" alt=\"\" srcset=\"https:\/\/adominguez.studio\/wp-content\/uploads\/2025\/05\/SAQ_Couverture.png 848w, https:\/\/adominguez.studio\/wp-content\/uploads\/2025\/05\/SAQ_Couverture-300x225.png 300w, https:\/\/adominguez.studio\/wp-content\/uploads\/2025\/05\/SAQ_Couverture-768x577.png 768w\" sizes=\"(max-width: 848px) 100vw, 848px\" \/>\n                <\/div>\n                <\/a>\n                <div class=\"elementskit-box-body ekit-image-box-body\">\n                    <div class=\"elementskit-box-content ekit-image-box-body-inner\">\n                                                <div class=\"elementskit-info-box-title\">\n\n                        Informe Anual\n                        \n                    <\/div>\n                                                            <div class=\"elementskit-box-style-content\">\n                        Dise\u00f1o editorial del informe anual de la Soci\u00e9t\u00e9 des alcools du Qu\u00e9bec (SAQ). Un dise\u00f1o editorial que equilibra estructura, elegancia y claridad.                    <\/div>\n                                    <\/div>\n\n                                <div class=\"elementskit-box-footer\">\n                    <div class=\"box-footer\">\n                        <div class=\"btn-wraper\">\n                                                            <a href=\"https:\/\/adominguez.studio\/es\/saq\/\" class=\"elementskit-btn whitespace--normal\">\n                                    Descubrir el proyecto                                <\/a>\n                                                    <\/div>\n                    <\/div>\n                <\/div>\n                            <\/div>\n            <\/div>\n    <\/div>\t\t\t\t<\/div>\n\t\t\t\t<\/div>\n\t\t\t\t<div class=\"elementor-element elementor-element-49cc1f5 elementor-widget__width-initial elementor-widget-mobile__width-inherit elementor-widget elementor-widget-elementskit-image-box\" data-id=\"49cc1f5\" data-element_type=\"widget\" data-e-type=\"widget\" data-widget_type=\"elementskit-image-box.default\">\n\t\t\t\t<div class=\"elementor-widget-container\">\n\t\t\t\t\t<div class=\"ekit-wid-con\" >\n            <div class=\"elementskit-info-image-box ekit-image-box text-center floating-style\" >\n\n                <a href=\"https:\/\/adominguez.studio\/es\/osheaga\/\">\n                <div class=\"elementskit-box-header image-box-img-center\">\n\n                    <img loading=\"lazy\" decoding=\"async\" width=\"848\" height=\"637\" src=\"https:\/\/adominguez.studio\/wp-content\/uploads\/2025\/05\/Osheaga_Couverture.png\" class=\"attachment-full size-full wp-image-467\" alt=\"\" srcset=\"https:\/\/adominguez.studio\/wp-content\/uploads\/2025\/05\/Osheaga_Couverture.png 848w, https:\/\/adominguez.studio\/wp-content\/uploads\/2025\/05\/Osheaga_Couverture-300x225.png 300w, https:\/\/adominguez.studio\/wp-content\/uploads\/2025\/05\/Osheaga_Couverture-768x577.png 768w\" sizes=\"(max-width: 848px) 100vw, 848px\" \/>\n                <\/div>\n                <\/a>\n                <div class=\"elementskit-box-body ekit-image-box-body\">\n                    <div class=\"elementskit-box-content ekit-image-box-body-inner\">\n                                                <div class=\"elementskit-info-box-title\">\n\n                        Folleto Festival\n                        \n                    <\/div>\n                                                            <div class=\"elementskit-box-style-content\">\n                        Identidad visual impresa, el proyecto incluye un p\u00f3ster y un folleto para presentar la programaci\u00f3n, el mapa y las actividades                    <\/div>\n                                    <\/div>\n\n                                <div class=\"elementskit-box-footer\">\n                    <div class=\"box-footer\">\n                        <div class=\"btn-wraper\">\n                                                            <a href=\"https:\/\/adominguez.studio\/es\/osheaga\/\" class=\"elementskit-btn whitespace--normal\">\n                                    Descubrir el proyecto                                <\/a>\n                                                    <\/div>\n                    <\/div>\n                <\/div>\n                            <\/div>\n            <\/div>\n    <\/div>\t\t\t\t<\/div>\n\t\t\t\t<\/div>\n\t\t\t\t<\/div>\n\t\t\t\t\t<\/div>\n\t\t\t\t<\/div>\n\t\t\t\t<\/div>","protected":false},"excerpt":{"rendered":"<p>Publicit\u00e9 TV Chaussures GODIN Mandat R\u00e9aliser une capsule publicitaire t\u00e9l\u00e9vis\u00e9e pour la marque fictiveChaussure GODIN, destin\u00e9e \u00e0 \u00eatre diffus\u00e9e aux heures de grande \u00e9coute. Le mandat incluait le storyboard fourni par le client, ainsi que le choix de la musique, la narration, et la conception graphique. Strat\u00e9gie de design Un design graphique \u00e9pur\u00e9, chaleureux et [&hellip;]<\/p>","protected":false},"author":1,"featured_media":0,"parent":0,"menu_order":0,"comment_status":"closed","ping_status":"closed","template":"elementor_canvas","meta":{"footnotes":""},"class_list":["post-485","page","type-page","status-publish","hentry"],"_links":{"self":[{"href":"https:\/\/adominguez.studio\/es\/wp-json\/wp\/v2\/pages\/485","targetHints":{"allow":["GET"]}}],"collection":[{"href":"https:\/\/adominguez.studio\/es\/wp-json\/wp\/v2\/pages"}],"about":[{"href":"https:\/\/adominguez.studio\/es\/wp-json\/wp\/v2\/types\/page"}],"author":[{"embeddable":true,"href":"https:\/\/adominguez.studio\/es\/wp-json\/wp\/v2\/users\/1"}],"replies":[{"embeddable":true,"href":"https:\/\/adominguez.studio\/es\/wp-json\/wp\/v2\/comments?post=485"}],"version-history":[{"count":27,"href":"https:\/\/adominguez.studio\/es\/wp-json\/wp\/v2\/pages\/485\/revisions"}],"predecessor-version":[{"id":2439,"href":"https:\/\/adominguez.studio\/es\/wp-json\/wp\/v2\/pages\/485\/revisions\/2439"}],"wp:attachment":[{"href":"https:\/\/adominguez.studio\/es\/wp-json\/wp\/v2\/media?parent=485"}],"curies":[{"name":"wp","href":"https:\/\/api.w.org\/{rel}","templated":true}]}}