{"id":509,"date":"2025-05-20T09:41:01","date_gmt":"2025-05-20T09:41:01","guid":{"rendered":"https:\/\/adominguez.studio\/?page_id=509"},"modified":"2025-07-07T00:22:49","modified_gmt":"2025-07-07T00:22:49","slug":"explainer","status":"publish","type":"page","link":"https:\/\/adominguez.studio\/es\/explainer\/","title":{"rendered":"Explainer"},"content":{"rendered":"<div data-elementor-type=\"wp-page\" data-elementor-id=\"509\" class=\"elementor elementor-509\">\n\t\t\t\t<div class=\"elementor-element elementor-element-8605d78 e-con-full e-flex e-con e-parent\" data-id=\"8605d78\" data-element_type=\"container\" data-e-type=\"container\">\n\t\t\t\t<div class=\"elementor-element elementor-element-f70207b animated-slow hover-zoom elementor-widget elementor-widget-image\" data-id=\"f70207b\" data-element_type=\"widget\" data-e-type=\"widget\" data-settings=\"{&quot;_animation&quot;:&quot;none&quot;}\" data-widget_type=\"image.default\">\n\t\t\t\t<div class=\"elementor-widget-container\">\n\t\t\t\t\t\t\t\t\t\t\t\t\t\t\t<img fetchpriority=\"high\" decoding=\"async\" width=\"2560\" height=\"1370\" src=\"https:\/\/adominguez.studio\/wp-content\/uploads\/2025\/05\/Explainer-02-scaled.jpg\" class=\"attachment-full size-full wp-image-511\" alt=\"\" srcset=\"https:\/\/adominguez.studio\/wp-content\/uploads\/2025\/05\/Explainer-02-scaled.jpg 2560w, https:\/\/adominguez.studio\/wp-content\/uploads\/2025\/05\/Explainer-02-300x161.jpg 300w, https:\/\/adominguez.studio\/wp-content\/uploads\/2025\/05\/Explainer-02-1024x548.jpg 1024w, https:\/\/adominguez.studio\/wp-content\/uploads\/2025\/05\/Explainer-02-768x411.jpg 768w, https:\/\/adominguez.studio\/wp-content\/uploads\/2025\/05\/Explainer-02-1536x822.jpg 1536w, https:\/\/adominguez.studio\/wp-content\/uploads\/2025\/05\/Explainer-02-2048x1096.jpg 2048w\" sizes=\"(max-width: 2560px) 100vw, 2560px\" \/>\t\t\t\t\t\t\t\t\t\t\t\t\t\t\t<\/div>\n\t\t\t\t<\/div>\n\t\t\t\t<\/div>\n\t\t<div class=\"elementor-element elementor-element-2b6c62b e-flex e-con-boxed e-con e-parent\" data-id=\"2b6c62b\" data-element_type=\"container\" data-e-type=\"container\" data-settings=\"{&quot;background_background&quot;:&quot;classic&quot;}\">\n\t\t\t\t\t<div class=\"e-con-inner\">\n\t\t\t\t<div class=\"elementor-element elementor-element-f7dfc8d elementor-widget elementor-widget-spacer\" data-id=\"f7dfc8d\" data-element_type=\"widget\" data-e-type=\"widget\" data-widget_type=\"spacer.default\">\n\t\t\t\t<div class=\"elementor-widget-container\">\n\t\t\t\t\t\t\t<div class=\"elementor-spacer\">\n\t\t\t<div class=\"elementor-spacer-inner\"><\/div>\n\t\t<\/div>\n\t\t\t\t\t\t<\/div>\n\t\t\t\t<\/div>\n\t\t\t\t\t<\/div>\n\t\t\t\t<\/div>\n\t\t<div class=\"elementor-element elementor-element-4cbd811 e-con-full e-flex e-con e-parent\" data-id=\"4cbd811\" data-element_type=\"container\" data-e-type=\"container\" data-settings=\"{&quot;background_background&quot;:&quot;classic&quot;}\">\n\t\t<div class=\"elementor-element elementor-element-9bd5f2e e-con-full e-flex e-con e-child\" data-id=\"9bd5f2e\" data-element_type=\"container\" data-e-type=\"container\">\n\t\t\t\t<div class=\"elementor-element elementor-element-c85d129 elementor-invisible elementor-widget elementor-widget-heading\" data-id=\"c85d129\" data-element_type=\"widget\" data-e-type=\"widget\" data-settings=\"{&quot;_animation&quot;:&quot;fadeInLeft&quot;}\" data-widget_type=\"heading.default\">\n\t\t\t\t<div class=\"elementor-widget-container\">\n\t\t\t\t\t<h2 class=\"elementor-heading-title elementor-size-default\">Explainer<\/h2>\t\t\t\t<\/div>\n\t\t\t\t<\/div>\n\t\t\t\t<div class=\"elementor-element elementor-element-4621d17 elementor-invisible elementor-widget elementor-widget-heading\" data-id=\"4621d17\" data-element_type=\"widget\" data-e-type=\"widget\" data-settings=\"{&quot;_animation&quot;:&quot;fadeInRight&quot;}\" data-widget_type=\"heading.default\">\n\t\t\t\t<div class=\"elementor-widget-container\">\n\t\t\t\t\t<h2 class=\"elementor-heading-title elementor-size-default\">\u00c2lloprof<\/h2>\t\t\t\t<\/div>\n\t\t\t\t<\/div>\n\t\t\t\t<\/div>\n\t\t<div class=\"elementor-element elementor-element-a736be7 e-con-full e-flex e-con e-child\" data-id=\"a736be7\" data-element_type=\"container\" data-e-type=\"container\">\n\t\t<div class=\"elementor-element elementor-element-cdacae9 e-con-full e-flex e-con e-child\" data-id=\"cdacae9\" data-element_type=\"container\" data-e-type=\"container\">\n\t\t\t\t<div class=\"elementor-element elementor-element-71985c2 elementor-widget elementor-widget-spacer\" data-id=\"71985c2\" data-element_type=\"widget\" data-e-type=\"widget\" data-widget_type=\"spacer.default\">\n\t\t\t\t<div class=\"elementor-widget-container\">\n\t\t\t\t\t\t\t<div class=\"elementor-spacer\">\n\t\t\t<div class=\"elementor-spacer-inner\"><\/div>\n\t\t<\/div>\n\t\t\t\t\t\t<\/div>\n\t\t\t\t<\/div>\n\t\t\t\t<div class=\"elementor-element elementor-element-7dafa68 elementor-widget elementor-widget-heading\" data-id=\"7dafa68\" data-element_type=\"widget\" data-e-type=\"widget\" data-widget_type=\"heading.default\">\n\t\t\t\t<div class=\"elementor-widget-container\">\n\t\t\t\t\t<h2 class=\"elementor-heading-title elementor-size-default\">Mandato<\/h2>\t\t\t\t<\/div>\n\t\t\t\t<\/div>\n\t\t\t\t<div class=\"elementor-element elementor-element-0bf098c elementor-widget__width-inherit elementor-invisible elementor-widget elementor-widget-text-editor\" data-id=\"0bf098c\" data-element_type=\"widget\" data-e-type=\"widget\" data-settings=\"{&quot;_animation&quot;:&quot;zoomIn&quot;}\" data-widget_type=\"text-editor.default\">\n\t\t\t\t<div class=\"elementor-widget-container\">\n\t\t\t\t\t\t\t\t\t<p>Crear un video animado tipo explainer para la secci\u00f3n de ciencia del sitio web Alloprof. El objetivo era ilustrar de forma clara y atractiva el concepto de fuerzas de atracci\u00f3n entre planetas, asegurando una perfecta sincron\u00eda entre la narraci\u00f3n, los elementos visuales y la animaci\u00f3n para facilitar la comprensi\u00f3n por parte del p\u00fablico estudiantil.<\/p>\t\t\t\t\t\t\t\t<\/div>\n\t\t\t\t<\/div>\n\t\t\t\t<\/div>\n\t\t<div class=\"elementor-element elementor-element-48f4d51 e-con-full e-flex e-con e-child\" data-id=\"48f4d51\" data-element_type=\"container\" data-e-type=\"container\">\n\t\t\t\t<div class=\"elementor-element elementor-element-0d9c3e9 elementor-widget elementor-widget-html\" data-id=\"0d9c3e9\" data-element_type=\"widget\" data-e-type=\"widget\" data-widget_type=\"html.default\">\n\t\t\t\t<div class=\"elementor-widget-container\">\n\t\t\t\t\t<div style=\"width: 1px; height: 400px; background-color: #FFFBDE; margin: auto;\"><\/div>\r\n\t\t\t\t<\/div>\n\t\t\t\t<\/div>\n\t\t\t\t<\/div>\n\t\t<div class=\"elementor-element elementor-element-441f7ce e-con-full e-flex e-con e-child\" data-id=\"441f7ce\" data-element_type=\"container\" data-e-type=\"container\">\n\t\t\t\t<div class=\"elementor-element elementor-element-964241e elementor-widget elementor-widget-spacer\" data-id=\"964241e\" data-element_type=\"widget\" data-e-type=\"widget\" data-widget_type=\"spacer.default\">\n\t\t\t\t<div class=\"elementor-widget-container\">\n\t\t\t\t\t\t\t<div class=\"elementor-spacer\">\n\t\t\t<div class=\"elementor-spacer-inner\"><\/div>\n\t\t<\/div>\n\t\t\t\t\t\t<\/div>\n\t\t\t\t<\/div>\n\t\t\t\t<div class=\"elementor-element elementor-element-afdf8ce elementor-widget elementor-widget-heading\" data-id=\"afdf8ce\" data-element_type=\"widget\" data-e-type=\"widget\" data-widget_type=\"heading.default\">\n\t\t\t\t<div class=\"elementor-widget-container\">\n\t\t\t\t\t<h2 class=\"elementor-heading-title elementor-size-default\">Estrategia de dise\u00f1o<\/h2>\t\t\t\t<\/div>\n\t\t\t\t<\/div>\n\t\t\t\t<div class=\"elementor-element elementor-element-8cbdb2e elementor-widget__width-inherit elementor-invisible elementor-widget elementor-widget-text-editor\" data-id=\"8cbdb2e\" data-element_type=\"widget\" data-e-type=\"widget\" data-settings=\"{&quot;_animation&quot;:&quot;zoomIn&quot;}\" data-widget_type=\"text-editor.default\">\n\t\t\t\t<div class=\"elementor-widget-container\">\n\t\t\t\t\t\t\t\t\t<p>Se trabaj\u00f3 un estilo visual accesible y l\u00fadico, con ilustraciones de inspiraci\u00f3n did\u00e1ctica y colores contrastantes sobre fondo oscuro para destacar el contenido cient\u00edfico. La animaci\u00f3n fue pensada cuadro a cuadro para complementar la narraci\u00f3n en tiempo real, reforzando cada concepto con transiciones fluidas y representaciones claras del sistema solar.<\/p>\t\t\t\t\t\t\t\t<\/div>\n\t\t\t\t<\/div>\n\t\t\t\t<\/div>\n\t\t\t\t<\/div>\n\t\t\t\t<\/div>\n\t\t<div class=\"elementor-element elementor-element-f80673d e-con-full e-flex e-con e-parent\" data-id=\"f80673d\" data-element_type=\"container\" data-e-type=\"container\" data-settings=\"{&quot;background_background&quot;:&quot;classic&quot;}\">\n\t\t<div class=\"elementor-element elementor-element-9f38130 e-flex e-con-boxed e-con e-child\" data-id=\"9f38130\" data-element_type=\"container\" data-e-type=\"container\">\n\t\t\t\t\t<div class=\"e-con-inner\">\n\t\t\t\t<div class=\"elementor-element elementor-element-c8204a8 elementor-widget elementor-widget-spacer\" data-id=\"c8204a8\" data-element_type=\"widget\" data-e-type=\"widget\" data-widget_type=\"spacer.default\">\n\t\t\t\t<div class=\"elementor-widget-container\">\n\t\t\t\t\t\t\t<div class=\"elementor-spacer\">\n\t\t\t<div class=\"elementor-spacer-inner\"><\/div>\n\t\t<\/div>\n\t\t\t\t\t\t<\/div>\n\t\t\t\t<\/div>\n\t\t\t\t\t<\/div>\n\t\t\t\t<\/div>\n\t\t\t\t<\/div>\n\t\t<div class=\"elementor-element elementor-element-802d51b e-con-full e-flex e-con e-parent\" data-id=\"802d51b\" data-element_type=\"container\" data-e-type=\"container\" data-settings=\"{&quot;background_background&quot;:&quot;classic&quot;}\">\n\t\t\t\t<div class=\"elementor-element elementor-element-9bf4fd0 elementor-widget__width-initial elementor-invisible elementor-widget elementor-widget-image\" data-id=\"9bf4fd0\" data-element_type=\"widget\" data-e-type=\"widget\" data-settings=\"{&quot;_animation&quot;:&quot;zoomIn&quot;}\" data-widget_type=\"image.default\">\n\t\t\t\t<div class=\"elementor-widget-container\">\n\t\t\t\t\t\t\t\t\t\t\t\t\t\t\t<img decoding=\"async\" width=\"1781\" height=\"975\" src=\"https:\/\/adominguez.studio\/wp-content\/uploads\/2025\/05\/Explainer-03.png\" class=\"attachment-full size-full wp-image-512\" alt=\"\" srcset=\"https:\/\/adominguez.studio\/wp-content\/uploads\/2025\/05\/Explainer-03.png 1781w, https:\/\/adominguez.studio\/wp-content\/uploads\/2025\/05\/Explainer-03-300x164.png 300w, https:\/\/adominguez.studio\/wp-content\/uploads\/2025\/05\/Explainer-03-1024x561.png 1024w, https:\/\/adominguez.studio\/wp-content\/uploads\/2025\/05\/Explainer-03-768x420.png 768w\" sizes=\"(max-width: 1781px) 100vw, 1781px\" \/>\t\t\t\t\t\t\t\t\t\t\t\t\t\t\t<\/div>\n\t\t\t\t<\/div>\n\t\t\t\t<div class=\"elementor-element elementor-element-aa0e112 elementor-widget elementor-widget-spacer\" data-id=\"aa0e112\" data-element_type=\"widget\" data-e-type=\"widget\" data-widget_type=\"spacer.default\">\n\t\t\t\t<div class=\"elementor-widget-container\">\n\t\t\t\t\t\t\t<div class=\"elementor-spacer\">\n\t\t\t<div class=\"elementor-spacer-inner\"><\/div>\n\t\t<\/div>\n\t\t\t\t\t\t<\/div>\n\t\t\t\t<\/div>\n\t\t<div class=\"elementor-element elementor-element-a533af3 e-con-full e-flex e-con e-child\" data-id=\"a533af3\" data-element_type=\"container\" data-e-type=\"container\">\n\t\t\t\t<div class=\"elementor-element elementor-element-50efb20 elementor-widget elementor-widget-spacer\" data-id=\"50efb20\" data-element_type=\"widget\" data-e-type=\"widget\" data-widget_type=\"spacer.default\">\n\t\t\t\t<div class=\"elementor-widget-container\">\n\t\t\t\t\t\t\t<div class=\"elementor-spacer\">\n\t\t\t<div class=\"elementor-spacer-inner\"><\/div>\n\t\t<\/div>\n\t\t\t\t\t\t<\/div>\n\t\t\t\t<\/div>\n\t\t\t\t<div class=\"elementor-element elementor-element-997b194 elementor-widget elementor-widget-heading\" data-id=\"997b194\" data-element_type=\"widget\" data-e-type=\"widget\" data-widget_type=\"heading.default\">\n\t\t\t\t<div class=\"elementor-widget-container\">\n\t\t\t\t\t<h2 class=\"elementor-heading-title elementor-size-default\">Impacto Visual<\/h2>\t\t\t\t<\/div>\n\t\t\t\t<\/div>\n\t\t\t\t<div class=\"elementor-element elementor-element-b53bc51 elementor-widget__width-inherit elementor-invisible elementor-widget elementor-widget-text-editor\" data-id=\"b53bc51\" data-element_type=\"widget\" data-e-type=\"widget\" data-settings=\"{&quot;_animation&quot;:&quot;zoomIn&quot;}\" data-widget_type=\"text-editor.default\">\n\t\t\t\t<div class=\"elementor-widget-container\">\n\t\t\t\t\t\t\t\t\t<p>El video final logra transmitir un contenido complejo de forma clara, atractiva y adaptada al contexto educativo digital. La armon\u00eda entre voz, ritmo visual y simplicidad gr\u00e1fica permite una asimilaci\u00f3n natural de la informaci\u00f3n. Este proyecto demuestra c\u00f3mo el dise\u00f1o puede hacer la ciencia m\u00e1s accesible, interactiva y memorable para los estudiantes.<\/p>\t\t\t\t\t\t\t\t<\/div>\n\t\t\t\t<\/div>\n\t\t\t\t<\/div>\n\t\t\t\t<\/div>\n\t\t<div class=\"elementor-element elementor-element-30c5d8c e-flex e-con-boxed e-con e-parent\" data-id=\"30c5d8c\" data-element_type=\"container\" data-e-type=\"container\" data-settings=\"{&quot;background_background&quot;:&quot;classic&quot;}\">\n\t\t\t\t\t<div class=\"e-con-inner\">\n\t\t\t\t<div class=\"elementor-element elementor-element-70e3683 elementor-widget elementor-widget-spacer\" data-id=\"70e3683\" data-element_type=\"widget\" data-e-type=\"widget\" data-widget_type=\"spacer.default\">\n\t\t\t\t<div class=\"elementor-widget-container\">\n\t\t\t\t\t\t\t<div class=\"elementor-spacer\">\n\t\t\t<div class=\"elementor-spacer-inner\"><\/div>\n\t\t<\/div>\n\t\t\t\t\t\t<\/div>\n\t\t\t\t<\/div>\n\t\t\t\t\t<\/div>\n\t\t\t\t<\/div>\n\t\t<div class=\"elementor-element elementor-element-03dcfda e-flex e-con-boxed e-con e-parent\" data-id=\"03dcfda\" data-element_type=\"container\" data-e-type=\"container\" data-settings=\"{&quot;background_background&quot;:&quot;classic&quot;}\">\n\t\t\t\t\t<div class=\"e-con-inner\">\n\t\t\t\t<div class=\"elementor-element elementor-element-db2fb46 elementor-invisible elementor-widget elementor-widget-video\" data-id=\"db2fb46\" data-element_type=\"widget\" data-e-type=\"widget\" data-settings=\"{&quot;video_type&quot;:&quot;hosted&quot;,&quot;_animation&quot;:&quot;zoomIn&quot;,&quot;controls&quot;:&quot;yes&quot;}\" data-widget_type=\"video.default\">\n\t\t\t\t<div class=\"elementor-widget-container\">\n\t\t\t\t\t\t\t<div class=\"e-hosted-video elementor-wrapper elementor-open-inline\">\n\t\t\t\t\t<video class=\"elementor-video\" src=\"https:\/\/adominguez.studio\/wp-content\/uploads\/2025\/05\/Explainer-05.mp4\" controls=\"\" preload=\"metadata\" controlslist=\"nodownload\"><\/video>\n\t\t\t\t<\/div>\n\t\t\t\t\t\t<\/div>\n\t\t\t\t<\/div>\n\t\t\t\t\t<\/div>\n\t\t\t\t<\/div>\n\t\t<div class=\"elementor-element elementor-element-6a7e285 e-flex e-con-boxed e-con e-parent\" data-id=\"6a7e285\" data-element_type=\"container\" data-e-type=\"container\" data-settings=\"{&quot;background_background&quot;:&quot;classic&quot;}\">\n\t\t\t\t\t<div class=\"e-con-inner\">\n\t\t\t\t<div class=\"elementor-element elementor-element-beda743 elementor-widget elementor-widget-spacer\" data-id=\"beda743\" data-element_type=\"widget\" data-e-type=\"widget\" data-widget_type=\"spacer.default\">\n\t\t\t\t<div class=\"elementor-widget-container\">\n\t\t\t\t\t\t\t<div class=\"elementor-spacer\">\n\t\t\t<div class=\"elementor-spacer-inner\"><\/div>\n\t\t<\/div>\n\t\t\t\t\t\t<\/div>\n\t\t\t\t<\/div>\n\t\t\t\t\t<\/div>\n\t\t\t\t<\/div>\n\t\t<div class=\"elementor-element elementor-element-0472651 e-flex e-con-boxed e-con e-parent\" data-id=\"0472651\" data-element_type=\"container\" data-e-type=\"container\" data-settings=\"{&quot;background_background&quot;:&quot;classic&quot;}\">\n\t\t\t\t\t<div class=\"e-con-inner\">\n\t\t<div class=\"elementor-element elementor-element-92f8e6d e-con-full e-flex e-con e-child\" data-id=\"92f8e6d\" data-element_type=\"container\" data-e-type=\"container\">\n\t\t\t\t<div class=\"elementor-element elementor-element-b0b0e81 elementor-widget__width-initial elementor-widget-mobile__width-inherit elementor-widget elementor-widget-elementskit-image-box\" data-id=\"b0b0e81\" data-element_type=\"widget\" data-e-type=\"widget\" data-widget_type=\"elementskit-image-box.default\">\n\t\t\t\t<div class=\"elementor-widget-container\">\n\t\t\t\t\t<div class=\"ekit-wid-con\" >\n            <div class=\"elementskit-info-image-box ekit-image-box text-center floating-style\" >\n\n                <a href=\"https:\/\/adominguez.studio\/es\/nike\/\">\n                <div class=\"elementskit-box-header image-box-img-center\">\n\n                    <img decoding=\"async\" width=\"848\" height=\"637\" src=\"https:\/\/adominguez.studio\/wp-content\/uploads\/2025\/05\/Nike.png\" class=\"attachment-full size-full wp-image-473\" alt=\"\" srcset=\"https:\/\/adominguez.studio\/wp-content\/uploads\/2025\/05\/Nike.png 848w, https:\/\/adominguez.studio\/wp-content\/uploads\/2025\/05\/Nike-300x225.png 300w, https:\/\/adominguez.studio\/wp-content\/uploads\/2025\/05\/Nike-768x577.png 768w\" sizes=\"(max-width: 848px) 100vw, 848px\" \/>\n                <\/div>\n                <\/a>\n                <div class=\"elementskit-box-body ekit-image-box-body\">\n                    <div class=\"elementskit-box-content ekit-image-box-body-inner\">\n                                                <div class=\"elementskit-info-box-title\">\n\n                        P\u00f3ster publicitario\n                        \n                    <\/div>\n                                                            <div class=\"elementskit-box-style-content\">\n                        Una explosi\u00f3n visual de velocidad. Dise\u00f1o pensado para destacar en espacios urbanos y comerciales con una est\u00e9tica joven, moderna y contundente.                    <\/div>\n                                    <\/div>\n\n                                <div class=\"elementskit-box-footer\">\n                    <div class=\"box-footer\">\n                        <div class=\"btn-wraper\">\n                                                            <a href=\"https:\/\/adominguez.studio\/es\/nike\/\" class=\"elementskit-btn whitespace--normal\">\n                                    Descubrir el proyecto                                <\/a>\n                                                    <\/div>\n                    <\/div>\n                <\/div>\n                            <\/div>\n            <\/div>\n    <\/div>\t\t\t\t<\/div>\n\t\t\t\t<\/div>\n\t\t\t\t<div class=\"elementor-element elementor-element-df9e901 elementor-widget__width-initial elementor-widget-mobile__width-inherit elementor-widget elementor-widget-elementskit-image-box\" data-id=\"df9e901\" data-element_type=\"widget\" data-e-type=\"widget\" data-widget_type=\"elementskit-image-box.default\">\n\t\t\t\t<div class=\"elementor-widget-container\">\n\t\t\t\t\t<div class=\"ekit-wid-con\" >\n            <div class=\"elementskit-info-image-box ekit-image-box text-center floating-style\" >\n\n                <a href=\"http:\/\/adominguez.studio\/es\/affiche-typo-dinamique\/\">\n                <div class=\"elementskit-box-header image-box-img-center\">\n\n                    <img loading=\"lazy\" decoding=\"async\" width=\"848\" height=\"637\" src=\"https:\/\/adominguez.studio\/wp-content\/uploads\/2025\/05\/Bodoni_Couverture.png\" class=\"attachment-full size-full wp-image-389\" alt=\"\" srcset=\"https:\/\/adominguez.studio\/wp-content\/uploads\/2025\/05\/Bodoni_Couverture.png 848w, https:\/\/adominguez.studio\/wp-content\/uploads\/2025\/05\/Bodoni_Couverture-300x225.png 300w, https:\/\/adominguez.studio\/wp-content\/uploads\/2025\/05\/Bodoni_Couverture-768x577.png 768w\" sizes=\"(max-width: 848px) 100vw, 848px\" \/>\n                <\/div>\n                <\/a>\n                <div class=\"elementskit-box-body ekit-image-box-body\">\n                    <div class=\"elementskit-box-content ekit-image-box-body-inner\">\n                                                <h1 class=\"elementskit-info-box-title\">\n\n                        P\u00f3ster Tipogr\u00e1fico\n                        \n                    <\/h1>\n                                                            <div class=\"elementskit-box-style-content\">\n                        Exploraci\u00f3n visual de la fuente Bodoni, que fusiona forma, historia y ritmo tipogr\u00e1fico en una composici\u00f3n envolvente y expresiva.                    <\/div>\n                                    <\/div>\n\n                                <div class=\"elementskit-box-footer\">\n                    <div class=\"box-footer\">\n                        <div class=\"btn-wraper\">\n                                                            <a href=\"http:\/\/adominguez.studio\/es\/affiche-typo-dinamique\/\" class=\"elementskit-btn whitespace--normal\">\n                                    Descubrir el proyecto                                <\/a>\n                                                    <\/div>\n                    <\/div>\n                <\/div>\n                            <\/div>\n            <\/div>\n    <\/div>\t\t\t\t<\/div>\n\t\t\t\t<\/div>\n\t\t\t\t<div class=\"elementor-element elementor-element-761cf16 elementor-widget__width-initial elementor-widget-mobile__width-inherit elementor-widget elementor-widget-elementskit-image-box\" data-id=\"761cf16\" data-element_type=\"widget\" data-e-type=\"widget\" data-widget_type=\"elementskit-image-box.default\">\n\t\t\t\t<div class=\"elementor-widget-container\">\n\t\t\t\t\t<div class=\"ekit-wid-con\" >\n            <div class=\"elementskit-info-image-box ekit-image-box text-center floating-style\" >\n\n                <a href=\"http:\/\/adominguez.studio\/es\/agenda-bart\/\">\n                <div class=\"elementskit-box-header image-box-img-center\">\n\n                    <img loading=\"lazy\" decoding=\"async\" width=\"848\" height=\"637\" src=\"https:\/\/adominguez.studio\/wp-content\/uploads\/2025\/05\/College-BART.png\" class=\"attachment-full size-full wp-image-388\" alt=\"\" srcset=\"https:\/\/adominguez.studio\/wp-content\/uploads\/2025\/05\/College-BART.png 848w, https:\/\/adominguez.studio\/wp-content\/uploads\/2025\/05\/College-BART-300x225.png 300w, https:\/\/adominguez.studio\/wp-content\/uploads\/2025\/05\/College-BART-768x577.png 768w\" sizes=\"(max-width: 848px) 100vw, 848px\" \/>\n                <\/div>\n                <\/a>\n                <div class=\"elementskit-box-body ekit-image-box-body\">\n                    <div class=\"elementskit-box-content ekit-image-box-body-inner\">\n                                                <div class=\"elementskit-info-box-title\">\n\n                        Agenda Escolar\n                        \n                    <\/div>\n                                                            <div class=\"elementskit-box-style-content\">\n                        Dise\u00f1o editorial moderno para la agenda institucional del Coll\u00e8ge Bart. Un proyecto que equilibra dinamismo visual y claridad funcional con identidad gr\u00e1fica s\u00f3lida.                    <\/div>\n                                    <\/div>\n\n                                <div class=\"elementskit-box-footer\">\n                    <div class=\"box-footer\">\n                        <div class=\"btn-wraper\">\n                                                            <a href=\"http:\/\/adominguez.studio\/es\/agenda-bart\/\" class=\"elementskit-btn whitespace--normal\">\n                                    Descubrir el proyecto                                <\/a>\n                                                    <\/div>\n                    <\/div>\n                <\/div>\n                            <\/div>\n            <\/div>\n    <\/div>\t\t\t\t<\/div>\n\t\t\t\t<\/div>\n\t\t\t\t<\/div>\n\t\t\t\t\t<\/div>\n\t\t\t\t<\/div>\n\t\t\t\t<\/div>","protected":false},"excerpt":{"rendered":"<p>Explainer \u00c2lloprof Mandat R\u00e9aliser une vid\u00e9o explicative anim\u00e9e pour la section science du site Alloprof. L\u2019objectif \u00e9tait d\u2019illustrer de mani\u00e8re claire et attrayante le concept des forces d\u2019attraction entre les plan\u00e8tes, en assurant une synchronisation parfaite entre la narration, les \u00e9l\u00e9ments visuels et l\u2019animation, afin de favoriser la compr\u00e9hension du public \u00e9tudiant. Strat\u00e9gie de design [&hellip;]<\/p>","protected":false},"author":1,"featured_media":0,"parent":0,"menu_order":0,"comment_status":"closed","ping_status":"closed","template":"elementor_canvas","meta":{"footnotes":""},"class_list":["post-509","page","type-page","status-publish","hentry"],"_links":{"self":[{"href":"https:\/\/adominguez.studio\/es\/wp-json\/wp\/v2\/pages\/509","targetHints":{"allow":["GET"]}}],"collection":[{"href":"https:\/\/adominguez.studio\/es\/wp-json\/wp\/v2\/pages"}],"about":[{"href":"https:\/\/adominguez.studio\/es\/wp-json\/wp\/v2\/types\/page"}],"author":[{"embeddable":true,"href":"https:\/\/adominguez.studio\/es\/wp-json\/wp\/v2\/users\/1"}],"replies":[{"embeddable":true,"href":"https:\/\/adominguez.studio\/es\/wp-json\/wp\/v2\/comments?post=509"}],"version-history":[{"count":30,"href":"https:\/\/adominguez.studio\/es\/wp-json\/wp\/v2\/pages\/509\/revisions"}],"predecessor-version":[{"id":2424,"href":"https:\/\/adominguez.studio\/es\/wp-json\/wp\/v2\/pages\/509\/revisions\/2424"}],"wp:attachment":[{"href":"https:\/\/adominguez.studio\/es\/wp-json\/wp\/v2\/media?parent=509"}],"curies":[{"name":"wp","href":"https:\/\/api.w.org\/{rel}","templated":true}]}}