{"id":555,"date":"2025-05-20T18:01:52","date_gmt":"2025-05-20T18:01:52","guid":{"rendered":"https:\/\/adominguez.studio\/?page_id=555"},"modified":"2025-07-07T00:00:22","modified_gmt":"2025-07-07T00:00:22","slug":"parallaxe","status":"publish","type":"page","link":"https:\/\/adominguez.studio\/es\/parallaxe\/","title":{"rendered":"Parallaxe"},"content":{"rendered":"<div data-elementor-type=\"wp-page\" data-elementor-id=\"555\" class=\"elementor elementor-555\">\n\t\t\t\t<div class=\"elementor-element elementor-element-8605d78 e-con-full e-flex e-con e-parent\" data-id=\"8605d78\" data-element_type=\"container\" data-e-type=\"container\">\n\t\t\t\t<div class=\"elementor-element elementor-element-f70207b animated-slow hover-zoom elementor-widget elementor-widget-image\" data-id=\"f70207b\" data-element_type=\"widget\" data-e-type=\"widget\" data-settings=\"{&quot;_animation&quot;:&quot;none&quot;}\" data-widget_type=\"image.default\">\n\t\t\t\t<div class=\"elementor-widget-container\">\n\t\t\t\t\t\t\t\t\t\t\t\t\t\t\t<img fetchpriority=\"high\" decoding=\"async\" width=\"2560\" height=\"1708\" src=\"https:\/\/adominguez.studio\/wp-content\/uploads\/2025\/05\/Parallaxe-01-scaled.jpg\" class=\"attachment-full size-full wp-image-559\" alt=\"\" srcset=\"https:\/\/adominguez.studio\/wp-content\/uploads\/2025\/05\/Parallaxe-01-scaled.jpg 2560w, https:\/\/adominguez.studio\/wp-content\/uploads\/2025\/05\/Parallaxe-01-300x200.jpg 300w, https:\/\/adominguez.studio\/wp-content\/uploads\/2025\/05\/Parallaxe-01-1024x683.jpg 1024w, https:\/\/adominguez.studio\/wp-content\/uploads\/2025\/05\/Parallaxe-01-768x512.jpg 768w, https:\/\/adominguez.studio\/wp-content\/uploads\/2025\/05\/Parallaxe-01-1536x1025.jpg 1536w, https:\/\/adominguez.studio\/wp-content\/uploads\/2025\/05\/Parallaxe-01-2048x1366.jpg 2048w\" sizes=\"(max-width: 2560px) 100vw, 2560px\" \/>\t\t\t\t\t\t\t\t\t\t\t\t\t\t\t<\/div>\n\t\t\t\t<\/div>\n\t\t\t\t<\/div>\n\t\t<div class=\"elementor-element elementor-element-2b6c62b e-flex e-con-boxed e-con e-parent\" data-id=\"2b6c62b\" data-element_type=\"container\" data-e-type=\"container\" data-settings=\"{&quot;background_background&quot;:&quot;classic&quot;}\">\n\t\t\t\t\t<div class=\"e-con-inner\">\n\t\t\t\t<div class=\"elementor-element elementor-element-f7dfc8d elementor-widget elementor-widget-spacer\" data-id=\"f7dfc8d\" data-element_type=\"widget\" data-e-type=\"widget\" data-widget_type=\"spacer.default\">\n\t\t\t\t<div class=\"elementor-widget-container\">\n\t\t\t\t\t\t\t<div class=\"elementor-spacer\">\n\t\t\t<div class=\"elementor-spacer-inner\"><\/div>\n\t\t<\/div>\n\t\t\t\t\t\t<\/div>\n\t\t\t\t<\/div>\n\t\t\t\t\t<\/div>\n\t\t\t\t<\/div>\n\t\t<div class=\"elementor-element elementor-element-4cbd811 e-con-full e-flex e-con e-parent\" data-id=\"4cbd811\" data-element_type=\"container\" data-e-type=\"container\" data-settings=\"{&quot;background_background&quot;:&quot;classic&quot;}\">\n\t\t<div class=\"elementor-element elementor-element-9bd5f2e e-con-full e-flex e-con e-child\" data-id=\"9bd5f2e\" data-element_type=\"container\" data-e-type=\"container\">\n\t\t\t\t<div class=\"elementor-element elementor-element-c85d129 elementor-invisible elementor-widget elementor-widget-heading\" data-id=\"c85d129\" data-element_type=\"widget\" data-e-type=\"widget\" data-settings=\"{&quot;_animation&quot;:&quot;fadeInLeft&quot;}\" data-widget_type=\"heading.default\">\n\t\t\t\t<div class=\"elementor-widget-container\">\n\t\t\t\t\t<h2 class=\"elementor-heading-title elementor-size-default\">Parallaxe<\/h2>\t\t\t\t<\/div>\n\t\t\t\t<\/div>\n\t\t\t\t<div class=\"elementor-element elementor-element-4621d17 elementor-invisible elementor-widget elementor-widget-heading\" data-id=\"4621d17\" data-element_type=\"widget\" data-e-type=\"widget\" data-settings=\"{&quot;_animation&quot;:&quot;fadeInRight&quot;}\" data-widget_type=\"heading.default\">\n\t\t\t\t<div class=\"elementor-widget-container\">\n\t\t\t\t\t<h2 class=\"elementor-heading-title elementor-size-default\">Freepik<\/h2>\t\t\t\t<\/div>\n\t\t\t\t<\/div>\n\t\t\t\t<\/div>\n\t\t<div class=\"elementor-element elementor-element-a736be7 e-con-full e-flex e-con e-child\" data-id=\"a736be7\" data-element_type=\"container\" data-e-type=\"container\">\n\t\t<div class=\"elementor-element elementor-element-cdacae9 e-con-full e-flex e-con e-child\" data-id=\"cdacae9\" data-element_type=\"container\" data-e-type=\"container\">\n\t\t\t\t<div class=\"elementor-element elementor-element-71985c2 elementor-widget elementor-widget-spacer\" data-id=\"71985c2\" data-element_type=\"widget\" data-e-type=\"widget\" data-widget_type=\"spacer.default\">\n\t\t\t\t<div class=\"elementor-widget-container\">\n\t\t\t\t\t\t\t<div class=\"elementor-spacer\">\n\t\t\t<div class=\"elementor-spacer-inner\"><\/div>\n\t\t<\/div>\n\t\t\t\t\t\t<\/div>\n\t\t\t\t<\/div>\n\t\t\t\t<div class=\"elementor-element elementor-element-7dafa68 elementor-widget elementor-widget-heading\" data-id=\"7dafa68\" data-element_type=\"widget\" data-e-type=\"widget\" data-widget_type=\"heading.default\">\n\t\t\t\t<div class=\"elementor-widget-container\">\n\t\t\t\t\t<h2 class=\"elementor-heading-title elementor-size-default\">Mandato<\/h2>\t\t\t\t<\/div>\n\t\t\t\t<\/div>\n\t\t\t\t<div class=\"elementor-element elementor-element-0bf098c elementor-widget__width-inherit elementor-invisible elementor-widget elementor-widget-text-editor\" data-id=\"0bf098c\" data-element_type=\"widget\" data-e-type=\"widget\" data-settings=\"{&quot;_animation&quot;:&quot;zoomIn&quot;}\" data-widget_type=\"text-editor.default\">\n\t\t\t\t<div class=\"elementor-widget-container\">\n\t\t\t\t\t\t\t\t\tCrear una animaci\u00f3n publicitaria para Freepik utilizando la t\u00e9cnica de parallax, con el objetivo de simular profundidad tridimensional a partir de una ilustraci\u00f3n 2D. El proyecto deb\u00eda dar vida a una escena japonesa ilustrada, generando un efecto inmersivo atractivo para destacar en redes sociales o presentaciones web.\t\t\t\t\t\t\t\t<\/div>\n\t\t\t\t<\/div>\n\t\t\t\t<\/div>\n\t\t<div class=\"elementor-element elementor-element-48f4d51 e-con-full e-flex e-con e-child\" data-id=\"48f4d51\" data-element_type=\"container\" data-e-type=\"container\">\n\t\t\t\t<div class=\"elementor-element elementor-element-0d9c3e9 elementor-widget elementor-widget-html\" data-id=\"0d9c3e9\" data-element_type=\"widget\" data-e-type=\"widget\" data-widget_type=\"html.default\">\n\t\t\t\t<div class=\"elementor-widget-container\">\n\t\t\t\t\t<div style=\"width: 1px; height: 400px; background-color: #FFFBDE; margin: auto;\"><\/div>\r\n\t\t\t\t<\/div>\n\t\t\t\t<\/div>\n\t\t\t\t<\/div>\n\t\t<div class=\"elementor-element elementor-element-441f7ce e-con-full e-flex e-con e-child\" data-id=\"441f7ce\" data-element_type=\"container\" data-e-type=\"container\">\n\t\t\t\t<div class=\"elementor-element elementor-element-964241e elementor-widget elementor-widget-spacer\" data-id=\"964241e\" data-element_type=\"widget\" data-e-type=\"widget\" data-widget_type=\"spacer.default\">\n\t\t\t\t<div class=\"elementor-widget-container\">\n\t\t\t\t\t\t\t<div class=\"elementor-spacer\">\n\t\t\t<div class=\"elementor-spacer-inner\"><\/div>\n\t\t<\/div>\n\t\t\t\t\t\t<\/div>\n\t\t\t\t<\/div>\n\t\t\t\t<div class=\"elementor-element elementor-element-afdf8ce elementor-widget elementor-widget-heading\" data-id=\"afdf8ce\" data-element_type=\"widget\" data-e-type=\"widget\" data-widget_type=\"heading.default\">\n\t\t\t\t<div class=\"elementor-widget-container\">\n\t\t\t\t\t<h2 class=\"elementor-heading-title elementor-size-default\">Estrategia de dise\u00f1o<\/h2>\t\t\t\t<\/div>\n\t\t\t\t<\/div>\n\t\t\t\t<div class=\"elementor-element elementor-element-8cbdb2e elementor-widget__width-inherit elementor-invisible elementor-widget elementor-widget-text-editor\" data-id=\"8cbdb2e\" data-element_type=\"widget\" data-e-type=\"widget\" data-settings=\"{&quot;_animation&quot;:&quot;zoomIn&quot;}\" data-widget_type=\"text-editor.default\">\n\t\t\t\t<div class=\"elementor-widget-container\">\n\t\t\t\t\t\t\t\t\t<p>A partir de una composici\u00f3n ilustrada, se separaron los diferentes planos (paisaje, pagodas, elementos naturales, figura en la barca) para animarlos de forma independiente. El movimiento sutil de cada capa en distintas velocidades gener\u00f3 el efecto de profundidad buscado. La paleta en tonos c\u00e1lidos y el estilo minimalista reforzaron la atm\u00f3sfera po\u00e9tica y contemplativa de la pieza.<\/p>\t\t\t\t\t\t\t\t<\/div>\n\t\t\t\t<\/div>\n\t\t\t\t<\/div>\n\t\t\t\t<\/div>\n\t\t\t\t<\/div>\n\t\t<div class=\"elementor-element elementor-element-f80673d e-con-full e-flex e-con e-parent\" data-id=\"f80673d\" data-element_type=\"container\" data-e-type=\"container\" data-settings=\"{&quot;background_background&quot;:&quot;classic&quot;}\">\n\t\t<div class=\"elementor-element elementor-element-9f38130 e-flex e-con-boxed e-con e-child\" data-id=\"9f38130\" data-element_type=\"container\" data-e-type=\"container\">\n\t\t\t\t\t<div class=\"e-con-inner\">\n\t\t\t\t<div class=\"elementor-element elementor-element-c8204a8 elementor-widget elementor-widget-spacer\" data-id=\"c8204a8\" data-element_type=\"widget\" data-e-type=\"widget\" data-widget_type=\"spacer.default\">\n\t\t\t\t<div class=\"elementor-widget-container\">\n\t\t\t\t\t\t\t<div class=\"elementor-spacer\">\n\t\t\t<div class=\"elementor-spacer-inner\"><\/div>\n\t\t<\/div>\n\t\t\t\t\t\t<\/div>\n\t\t\t\t<\/div>\n\t\t\t\t\t<\/div>\n\t\t\t\t<\/div>\n\t\t\t\t<\/div>\n\t\t<div class=\"elementor-element elementor-element-802d51b e-con-full e-flex e-con e-parent\" data-id=\"802d51b\" data-element_type=\"container\" data-e-type=\"container\" data-settings=\"{&quot;background_background&quot;:&quot;classic&quot;}\">\n\t\t\t\t<div class=\"elementor-element elementor-element-9bf4fd0 elementor-widget__width-initial elementor-invisible elementor-widget elementor-widget-image\" data-id=\"9bf4fd0\" data-element_type=\"widget\" data-e-type=\"widget\" data-settings=\"{&quot;_animation&quot;:&quot;zoomIn&quot;}\" data-widget_type=\"image.default\">\n\t\t\t\t<div class=\"elementor-widget-container\">\n\t\t\t\t\t\t\t\t\t\t\t\t\t\t\t<img decoding=\"async\" width=\"1783\" height=\"1002\" src=\"https:\/\/adominguez.studio\/wp-content\/uploads\/2025\/05\/Parallaxe-02.png\" class=\"attachment-full size-full wp-image-561\" alt=\"\" srcset=\"https:\/\/adominguez.studio\/wp-content\/uploads\/2025\/05\/Parallaxe-02.png 1783w, https:\/\/adominguez.studio\/wp-content\/uploads\/2025\/05\/Parallaxe-02-300x169.png 300w, https:\/\/adominguez.studio\/wp-content\/uploads\/2025\/05\/Parallaxe-02-1024x575.png 1024w, https:\/\/adominguez.studio\/wp-content\/uploads\/2025\/05\/Parallaxe-02-768x432.png 768w, https:\/\/adominguez.studio\/wp-content\/uploads\/2025\/05\/Parallaxe-02-1536x863.png 1536w\" sizes=\"(max-width: 1783px) 100vw, 1783px\" \/>\t\t\t\t\t\t\t\t\t\t\t\t\t\t\t<\/div>\n\t\t\t\t<\/div>\n\t\t\t\t<div class=\"elementor-element elementor-element-aa0e112 elementor-widget elementor-widget-spacer\" data-id=\"aa0e112\" data-element_type=\"widget\" data-e-type=\"widget\" data-widget_type=\"spacer.default\">\n\t\t\t\t<div class=\"elementor-widget-container\">\n\t\t\t\t\t\t\t<div class=\"elementor-spacer\">\n\t\t\t<div class=\"elementor-spacer-inner\"><\/div>\n\t\t<\/div>\n\t\t\t\t\t\t<\/div>\n\t\t\t\t<\/div>\n\t\t<div class=\"elementor-element elementor-element-a533af3 e-con-full e-flex e-con e-child\" data-id=\"a533af3\" data-element_type=\"container\" data-e-type=\"container\">\n\t\t\t\t<div class=\"elementor-element elementor-element-50efb20 elementor-widget elementor-widget-spacer\" data-id=\"50efb20\" data-element_type=\"widget\" data-e-type=\"widget\" data-widget_type=\"spacer.default\">\n\t\t\t\t<div class=\"elementor-widget-container\">\n\t\t\t\t\t\t\t<div class=\"elementor-spacer\">\n\t\t\t<div class=\"elementor-spacer-inner\"><\/div>\n\t\t<\/div>\n\t\t\t\t\t\t<\/div>\n\t\t\t\t<\/div>\n\t\t\t\t<div class=\"elementor-element elementor-element-997b194 elementor-widget elementor-widget-heading\" data-id=\"997b194\" data-element_type=\"widget\" data-e-type=\"widget\" data-widget_type=\"heading.default\">\n\t\t\t\t<div class=\"elementor-widget-container\">\n\t\t\t\t\t<h2 class=\"elementor-heading-title elementor-size-default\">Impacto Visual<\/h2>\t\t\t\t<\/div>\n\t\t\t\t<\/div>\n\t\t\t\t<div class=\"elementor-element elementor-element-b53bc51 elementor-widget__width-inherit elementor-invisible elementor-widget elementor-widget-text-editor\" data-id=\"b53bc51\" data-element_type=\"widget\" data-e-type=\"widget\" data-settings=\"{&quot;_animation&quot;:&quot;zoomIn&quot;}\" data-widget_type=\"text-editor.default\">\n\t\t\t\t<div class=\"elementor-widget-container\">\n\t\t\t\t\t\t\t\t\t<p>El resultado es una animaci\u00f3n elegante y fluida que transforma una imagen est\u00e1tica en una experiencia sensorial. El efecto parallax aporta dinamismo sin saturar el dise\u00f1o, logrando un equilibrio entre movimiento y serenidad visual. Este tipo de t\u00e9cnica demuestra c\u00f3mo una simple ilustraci\u00f3n puede cobrar vida y generar mayor impacto visual en entornos digitales.<\/p>\t\t\t\t\t\t\t\t<\/div>\n\t\t\t\t<\/div>\n\t\t\t\t<\/div>\n\t\t\t\t<\/div>\n\t\t<div class=\"elementor-element elementor-element-30c5d8c e-flex e-con-boxed e-con e-parent\" data-id=\"30c5d8c\" data-element_type=\"container\" data-e-type=\"container\" data-settings=\"{&quot;background_background&quot;:&quot;classic&quot;}\">\n\t\t\t\t\t<div class=\"e-con-inner\">\n\t\t\t\t<div class=\"elementor-element elementor-element-70e3683 elementor-widget elementor-widget-spacer\" data-id=\"70e3683\" data-element_type=\"widget\" data-e-type=\"widget\" data-widget_type=\"spacer.default\">\n\t\t\t\t<div class=\"elementor-widget-container\">\n\t\t\t\t\t\t\t<div class=\"elementor-spacer\">\n\t\t\t<div class=\"elementor-spacer-inner\"><\/div>\n\t\t<\/div>\n\t\t\t\t\t\t<\/div>\n\t\t\t\t<\/div>\n\t\t\t\t\t<\/div>\n\t\t\t\t<\/div>\n\t\t<div class=\"elementor-element elementor-element-03dcfda e-flex e-con-boxed e-con e-parent\" data-id=\"03dcfda\" data-element_type=\"container\" data-e-type=\"container\" data-settings=\"{&quot;background_background&quot;:&quot;classic&quot;}\">\n\t\t\t\t\t<div class=\"e-con-inner\">\n\t\t\t\t<div class=\"elementor-element elementor-element-db2fb46 elementor-invisible elementor-widget elementor-widget-video\" data-id=\"db2fb46\" data-element_type=\"widget\" data-e-type=\"widget\" data-settings=\"{&quot;video_type&quot;:&quot;hosted&quot;,&quot;_animation&quot;:&quot;zoomIn&quot;,&quot;controls&quot;:&quot;yes&quot;}\" data-widget_type=\"video.default\">\n\t\t\t\t<div class=\"elementor-widget-container\">\n\t\t\t\t\t\t\t<div class=\"e-hosted-video elementor-wrapper elementor-open-inline\">\n\t\t\t\t\t<video class=\"elementor-video\" src=\"https:\/\/adominguez.studio\/wp-content\/uploads\/2025\/05\/Parallaxe.mp4\" controls=\"\" preload=\"metadata\" controlslist=\"nodownload\"><\/video>\n\t\t\t\t<\/div>\n\t\t\t\t\t\t<\/div>\n\t\t\t\t<\/div>\n\t\t\t\t\t<\/div>\n\t\t\t\t<\/div>\n\t\t<div class=\"elementor-element elementor-element-6a7e285 e-flex e-con-boxed e-con e-parent\" data-id=\"6a7e285\" data-element_type=\"container\" data-e-type=\"container\" data-settings=\"{&quot;background_background&quot;:&quot;classic&quot;}\">\n\t\t\t\t\t<div class=\"e-con-inner\">\n\t\t\t\t<div class=\"elementor-element elementor-element-beda743 elementor-widget elementor-widget-spacer\" data-id=\"beda743\" data-element_type=\"widget\" data-e-type=\"widget\" data-widget_type=\"spacer.default\">\n\t\t\t\t<div class=\"elementor-widget-container\">\n\t\t\t\t\t\t\t<div class=\"elementor-spacer\">\n\t\t\t<div class=\"elementor-spacer-inner\"><\/div>\n\t\t<\/div>\n\t\t\t\t\t\t<\/div>\n\t\t\t\t<\/div>\n\t\t\t\t\t<\/div>\n\t\t\t\t<\/div>\n\t\t<div class=\"elementor-element elementor-element-1c376b2 e-flex e-con-boxed e-con e-parent\" data-id=\"1c376b2\" data-element_type=\"container\" data-e-type=\"container\" data-settings=\"{&quot;background_background&quot;:&quot;classic&quot;}\">\n\t\t\t\t\t<div class=\"e-con-inner\">\n\t\t<div class=\"elementor-element elementor-element-cb2fb61 e-con-full e-flex e-con e-child\" data-id=\"cb2fb61\" data-element_type=\"container\" data-e-type=\"container\">\n\t\t\t\t<div class=\"elementor-element elementor-element-cce2796 elementor-widget__width-initial elementor-widget-mobile__width-inherit elementor-widget elementor-widget-elementskit-image-box\" data-id=\"cce2796\" data-element_type=\"widget\" data-e-type=\"widget\" data-widget_type=\"elementskit-image-box.default\">\n\t\t\t\t<div class=\"elementor-widget-container\">\n\t\t\t\t\t<div class=\"ekit-wid-con\" >\n            <div class=\"elementskit-info-image-box ekit-image-box text-center floating-style\" >\n\n                <a href=\"http:\/\/adominguez.studio\/es\/revolution\/\">\n                <div class=\"elementskit-box-header image-box-img-center\">\n\n                    <img decoding=\"async\" width=\"848\" height=\"637\" src=\"https:\/\/adominguez.studio\/wp-content\/uploads\/2025\/05\/Revolution.png\" class=\"attachment-full size-full wp-image-385\" alt=\"\" srcset=\"https:\/\/adominguez.studio\/wp-content\/uploads\/2025\/05\/Revolution.png 848w, https:\/\/adominguez.studio\/wp-content\/uploads\/2025\/05\/Revolution-300x225.png 300w, https:\/\/adominguez.studio\/wp-content\/uploads\/2025\/05\/Revolution-768x577.png 768w\" sizes=\"(max-width: 848px) 100vw, 848px\" \/>\n                <\/div>\n                <\/a>\n                <div class=\"elementskit-box-body ekit-image-box-body\">\n                    <div class=\"elementskit-box-content ekit-image-box-body-inner\">\n                                                <div class=\"elementskit-info-box-title\">\n\n                        P\u00f3ster\n                        \n                    <\/div>\n                                                            <div class=\"elementskit-box-style-content\">\n                        Una explosi\u00f3n de energ\u00eda visual para la tercera temporada de R\u00e9volution, el popular show de baile en Qu\u00e9bec.                    <\/div>\n                                    <\/div>\n\n                                <div class=\"elementskit-box-footer\">\n                    <div class=\"box-footer\">\n                        <div class=\"btn-wraper\">\n                                                            <a href=\"http:\/\/adominguez.studio\/es\/revolution\/\" class=\"elementskit-btn whitespace--normal\">\n                                    Descubrir el proyecto                                <\/a>\n                                                    <\/div>\n                    <\/div>\n                <\/div>\n                            <\/div>\n            <\/div>\n    <\/div>\t\t\t\t<\/div>\n\t\t\t\t<\/div>\n\t\t\t\t<div class=\"elementor-element elementor-element-2cf0a14 elementor-widget__width-initial elementor-widget-mobile__width-inherit elementor-widget elementor-widget-elementskit-image-box\" data-id=\"2cf0a14\" data-element_type=\"widget\" data-e-type=\"widget\" data-widget_type=\"elementskit-image-box.default\">\n\t\t\t\t<div class=\"elementor-widget-container\">\n\t\t\t\t\t<div class=\"ekit-wid-con\" >\n            <div class=\"elementskit-info-image-box ekit-image-box text-center floating-style\" >\n\n                <a href=\"https:\/\/adominguez.studio\/es\/la-fournee\/\">\n                <div class=\"elementskit-box-header image-box-img-center\">\n\n                    <img loading=\"lazy\" decoding=\"async\" width=\"848\" height=\"637\" src=\"https:\/\/adominguez.studio\/wp-content\/uploads\/2025\/05\/La-Fournee.png\" class=\"attachment-full size-full wp-image-472\" alt=\"\" srcset=\"https:\/\/adominguez.studio\/wp-content\/uploads\/2025\/05\/La-Fournee.png 848w, https:\/\/adominguez.studio\/wp-content\/uploads\/2025\/05\/La-Fournee-300x225.png 300w, https:\/\/adominguez.studio\/wp-content\/uploads\/2025\/05\/La-Fournee-768x577.png 768w\" sizes=\"(max-width: 848px) 100vw, 848px\" \/>\n                <\/div>\n                <\/a>\n                <div class=\"elementskit-box-body ekit-image-box-body\">\n                    <div class=\"elementskit-box-content ekit-image-box-body-inner\">\n                                                <div class=\"elementskit-info-box-title\">\n\n                        Imagen de marca\n                        \n                    <\/div>\n                                                            <div class=\"elementskit-box-style-content\">\n                        Dise\u00f1o de identidad visual para La Fourn\u00e9e. Una marca que celebra el saber hacer tradicional a trav\u00e9s de una est\u00e9tica elegante y funcional.                    <\/div>\n                                    <\/div>\n\n                                <div class=\"elementskit-box-footer\">\n                    <div class=\"box-footer\">\n                        <div class=\"btn-wraper\">\n                                                            <a href=\"https:\/\/adominguez.studio\/es\/la-fournee\/\" class=\"elementskit-btn whitespace--normal\">\n                                    Descubrir el proyecto                                <\/a>\n                                                    <\/div>\n                    <\/div>\n                <\/div>\n                            <\/div>\n            <\/div>\n    <\/div>\t\t\t\t<\/div>\n\t\t\t\t<\/div>\n\t\t\t\t<div class=\"elementor-element elementor-element-753ef7d elementor-widget__width-initial elementor-widget-mobile__width-inherit elementor-widget elementor-widget-elementskit-image-box\" data-id=\"753ef7d\" data-element_type=\"widget\" data-e-type=\"widget\" data-widget_type=\"elementskit-image-box.default\">\n\t\t\t\t<div class=\"elementor-widget-container\">\n\t\t\t\t\t<div class=\"ekit-wid-con\" >\n            <div class=\"elementskit-info-image-box ekit-image-box text-center floating-style\" >\n\n                <a href=\"https:\/\/adominguez.studio\/es\/yop\/\">\n                <div class=\"elementskit-box-header image-box-img-center\">\n\n                    <img loading=\"lazy\" decoding=\"async\" width=\"846\" height=\"633\" src=\"https:\/\/adominguez.studio\/wp-content\/uploads\/2025\/05\/Yoplait.png\" class=\"attachment-full size-full wp-image-476\" alt=\"\" srcset=\"https:\/\/adominguez.studio\/wp-content\/uploads\/2025\/05\/Yoplait.png 846w, https:\/\/adominguez.studio\/wp-content\/uploads\/2025\/05\/Yoplait-300x224.png 300w, https:\/\/adominguez.studio\/wp-content\/uploads\/2025\/05\/Yoplait-768x575.png 768w\" sizes=\"(max-width: 846px) 100vw, 846px\" \/>\n                <\/div>\n                <\/a>\n                <div class=\"elementskit-box-body ekit-image-box-body\">\n                    <div class=\"elementskit-box-content ekit-image-box-body-inner\">\n                                                <div class=\"elementskit-info-box-title\">\n\n                        P\u00f3ster publicitario\n                        \n                    <\/div>\n                                                            <div class=\"elementskit-box-style-content\">\n                        Dise\u00f1o de un p\u00f3ster para YOP, celebrando el sabor local. Una propuesta fresca y energ\u00e9tica aplicada en exteriores, puntos de venta, redes y video.                    <\/div>\n                                    <\/div>\n\n                                <div class=\"elementskit-box-footer\">\n                    <div class=\"box-footer\">\n                        <div class=\"btn-wraper\">\n                                                            <a href=\"https:\/\/adominguez.studio\/es\/yop\/\" class=\"elementskit-btn whitespace--normal\">\n                                    Descubrir el proyecto                                <\/a>\n                                                    <\/div>\n                    <\/div>\n                <\/div>\n                            <\/div>\n            <\/div>\n    <\/div>\t\t\t\t<\/div>\n\t\t\t\t<\/div>\n\t\t\t\t<\/div>\n\t\t\t\t\t<\/div>\n\t\t\t\t<\/div>\n\t\t\t\t<\/div>","protected":false},"excerpt":{"rendered":"<p>Parallaxe Freepik Mandat R\u00e9aliser une animation publicitaire pour Freepik en utilisant la technique du parallaxe, dans le but de simuler une profondeur tridimensionnelle \u00e0 partir d\u2019une illustration 2D. Le projet devait donner vie \u00e0 une sc\u00e8ne japonaise illustr\u00e9e, cr\u00e9ant un effet immersif et captivant destin\u00e9 aux r\u00e9seaux sociaux ou aux pr\u00e9sentations en ligne. Strat\u00e9gie de [&hellip;]<\/p>","protected":false},"author":1,"featured_media":0,"parent":0,"menu_order":0,"comment_status":"closed","ping_status":"closed","template":"elementor_canvas","meta":{"footnotes":""},"class_list":["post-555","page","type-page","status-publish","hentry"],"_links":{"self":[{"href":"https:\/\/adominguez.studio\/es\/wp-json\/wp\/v2\/pages\/555","targetHints":{"allow":["GET"]}}],"collection":[{"href":"https:\/\/adominguez.studio\/es\/wp-json\/wp\/v2\/pages"}],"about":[{"href":"https:\/\/adominguez.studio\/es\/wp-json\/wp\/v2\/types\/page"}],"author":[{"embeddable":true,"href":"https:\/\/adominguez.studio\/es\/wp-json\/wp\/v2\/users\/1"}],"replies":[{"embeddable":true,"href":"https:\/\/adominguez.studio\/es\/wp-json\/wp\/v2\/comments?post=555"}],"version-history":[{"count":30,"href":"https:\/\/adominguez.studio\/es\/wp-json\/wp\/v2\/pages\/555\/revisions"}],"predecessor-version":[{"id":2406,"href":"https:\/\/adominguez.studio\/es\/wp-json\/wp\/v2\/pages\/555\/revisions\/2406"}],"wp:attachment":[{"href":"https:\/\/adominguez.studio\/es\/wp-json\/wp\/v2\/media?parent=555"}],"curies":[{"name":"wp","href":"https:\/\/api.w.org\/{rel}","templated":true}]}}